{"id":26,"date":"2010-02-10T15:22:33","date_gmt":"2010-02-10T11:22:33","guid":{"rendered":"http:\/\/kanzlei-benien.de\/?page_id=26"},"modified":"2020-06-23T20:59:52","modified_gmt":"2020-06-23T16:59:52","slug":"impressum","status":"publish","type":"page","link":"https:\/\/www.kanzlei-benien.de\/?page_id=26","title":{"rendered":"Impressum"},"content":{"rendered":"<p>Hinweise gem. \u00a7 6 Teledienstgesetz (TDG) erstellt durch:<\/p>\n<p><strong>Rechtsanw\u00e4ltin Gabriele Benien<\/strong><br \/>\nEichenkamp 11<br \/>\n46325 Borken-Burlo<br \/>\nTel.: 02862-42253<br \/>\nFax: 02862-42255<br \/>\ne-Mail: <a href=\"mailto:kanzlei@kanzlei-benien.de\">kanzlei@kanzlei-benien.de<\/a><br \/>\nInternet: <a href=\"http:\/\/www.kanzlei-benien.de\">www.kanzlei-benien.de<\/a><\/p>\n<p><strong>Verantwortlich Rechtsanw\u00e4ltin Gabriele Benien<br \/>\nErg\u00e4nzende Angaben nach TDG<\/strong><br \/>\nIch bin zugelassen am Amtsgericht Borken, am Landgericht M\u00fcnster und am Oberlandesgericht Hamm.<\/p>\n<p><strong>Zust\u00e4ndige Aufsichtsbeh\u00f6rde:<\/strong><br \/>\nRechtsanwaltskammer Hamm<br \/>\nK\u00f6rperschaft des \u00f6ffentlichen Rechts<br \/>\nOstenallee 18 \u00b7 59063 Hamm<br \/>\nTel. 0281\/985000<br \/>\nFax: 0281\/985050<br \/>\ne-Mail: <a href=\"mailto:%20info@rak-hamm.de\">info@rak-hamm.de<\/a><br \/>\nInternet: <a href=\"http:\/\/www.rak-hamm.de\/\" target=\"_blank\" rel=\"noopener noreferrer\">www.rak-hamm.de<\/a><br \/>\nDie n\u00e4heren Bestimmungen \u00fcber die Berufsordnung der Rechtsanw\u00e4lte (BORA),<br \/>\nder Fachanwaltsordnung (FAO) und der Bundesrechtsanwaltsgeb\u00fchrenordnung (BRAGO) sind in den jeweiligen Gesetzen geregelt.<br \/>\nDie aktuelle Fassung der jeweiligen Vorschriften finden Sie hier:<br \/>\n<a href=\"http:\/\/www.brag.de\/seiten\/06.php\" target=\"_blank\" rel=\"noopener noreferrer\">http:\/\/www.brag.de\/seiten\/06.php<\/a><\/p>\n<p><strong>Haftungshinweis:<\/strong><br \/>\nTrotz sorgf\u00e4ltiger inhaltlicher Kontrolle \u00fcbernehmen wir keine Haftung f\u00fcr die Inhalte externer Links. F\u00fcr den Inhalt der verlinkten Seiten sind ausschlie\u00dflich deren Betreiber verantwortlich.<\/p>\n<p><strong>Rechtshinweis: <\/strong><br \/>\nLaut \u00a7 22 des Gesetz betreffend das Urheberrecht an Werken der bildenden K\u00fcnste und der Photographie (KUG) d\u00fcrfen Bildnisse nur mit der Einwilligung der abgebildeten Personen \u00f6ffentlich zur Schau gestellt werden. F\u00fcr alle hier abgebildeten Fotos ist dem Domaininhaber das ausschlie\u00dfliche Nutzungsrecht einger\u00e4umt worden. Ebenso hat der Domaininhaber das ausschlie\u00dfliche Nutzungsrecht nach \u00a7 31 Abs. 3 UrhG an der Website. Wird widerrechtlich das dem Domaininhaber einger\u00e4umte Verwertungsrecht aus dem UrhG oder dem KUG verletzt, muss mit Geldstrafe oder mit Freiheitsstrafe bis zu einem Jahr rechnen, \u00a7 97 Abs. 1 UrhG, \u00a7 33 KUG. Alle dem Domaininhaber bekannten vorbenannten Verletzungen werden zur Anzeige gebracht. <strong><br \/>\n<\/strong><\/p>\n","protected":false},"excerpt":{"rendered":"<p>Hinweise gem. \u00a7 6 Teledienstgesetz (TDG) erstellt durch: Rechtsanw\u00e4ltin Gabriele Benien Eichenkamp 11 46325 Borken-Burlo Tel.: 02862-42253 Fax: 02862-42255 e-Mail: kanzlei@kanzlei-benien.de Internet: www.kanzlei-benien.de Verantwortlich Rechtsanw\u00e4ltin Gabriele Benien Erg\u00e4nzende Angaben nach TDG Ich bin zugelassen am Amtsgericht Borken, am Landgericht M\u00fcnster und am Oberlandesgericht Hamm. Zust\u00e4ndige Aufsichtsbeh\u00f6rde: Rechtsanwaltskammer Hamm K\u00f6rperschaft des \u00f6ffentlichen Rechts Ostenallee 18 \u00b7 &hellip; <a href=\"https:\/\/www.kanzlei-benien.de\/?page_id=26\" class=\"more-link\"><span class=\"screen-reader-text\">Impressum<\/span> weiterlesen<\/a><\/p>\n","protected":false},"author":3,"featured_media":0,"parent":0,"menu_order":99,"comment_status":"closed","ping_status":"closed","template":"","meta":{"footnotes":""},"class_list":["post-26","page","type-page","status-publish","hentry"],"_links":{"self":[{"href":"https:\/\/www.kanzlei-benien.de\/index.php?rest_route=\/wp\/v2\/pages\/26","targetHints":{"allow":["GET"]}}],"collection":[{"href":"https:\/\/www.kanzlei-benien.de\/index.php?rest_route=\/wp\/v2\/pages"}],"about":[{"href":"https:\/\/www.kanzlei-benien.de\/index.php?rest_route=\/wp\/v2\/types\/page"}],"author":[{"embeddable":true,"href":"https:\/\/www.kanzlei-benien.de\/index.php?rest_route=\/wp\/v2\/users\/3"}],"replies":[{"embeddable":true,"href":"https:\/\/www.kanzlei-benien.de\/index.php?rest_route=%2Fwp%2Fv2%2Fcomments&post=26"}],"version-history":[{"count":15,"href":"https:\/\/www.kanzlei-benien.de\/index.php?rest_route=\/wp\/v2\/pages\/26\/revisions"}],"predecessor-version":[{"id":133,"href":"https:\/\/www.kanzlei-benien.de\/index.php?rest_route=\/wp\/v2\/pages\/26\/revisions\/133"}],"wp:attachment":[{"href":"https:\/\/www.kanzlei-benien.de\/index.php?rest_route=%2Fwp%2Fv2%2Fmedia&parent=26"}],"curies":[{"name":"wp","href":"https:\/\/api.w.org\/{rel}","templated":true}]}}