{"id":16,"date":"2010-02-10T15:16:37","date_gmt":"2010-02-10T11:16:37","guid":{"rendered":"http:\/\/kanzlei-benien.de\/?page_id=16"},"modified":"2018-05-20T13:26:19","modified_gmt":"2018-05-20T09:26:19","slug":"vertragsrecht","status":"publish","type":"page","link":"https:\/\/www.kanzlei-benien.de\/?page_id=16","title":{"rendered":"Vertragsrecht"},"content":{"rendered":"<p>Hier berate ich Sie in allen vertraglichen Angelegenheiten, beispielsweise vom Kaufvertrag \u00fcber den Werkvertrag bis hin zum Makler- und Gesellschaftsvertrag.<\/p>\n<p>Vertr\u00e4ge werden tagt\u00e4glich geschlossen, zum Teil ohne dass den Parteien des jeweiligen Rechtsgesch\u00e4fts dieser Vorgang wirklich bewusst ist.<\/p>\n<p>Ein Vertrag ist die von zwei oder mehreren Personen erkl\u00e4rte Willens\u00fcbereinstimmung eines bestimmten rechtlichen Erfolges.<\/p>\n<p>Der lateinische Grundsatz \u201ePacta sunt servanda\u201c geh\u00f6rt zu den unverzichtbaren Grundstrukturen des Vertragrechts und besagt, dass die Parteien sich nicht einseitig vom Vertrag l\u00f6sen k\u00f6nnen, wenn nicht gerade besondere Instrumente wie z.B. das Widerrufsrecht, K\u00fcndigungsrecht oder R\u00fccktrittsrecht zur Verf\u00fcgung stehen.<\/p>\n<p>Lassen Sie sich lieber vor Vertragsschluss beraten.<\/p>\n","protected":false},"excerpt":{"rendered":"<p>Hier berate ich Sie in allen vertraglichen Angelegenheiten, beispielsweise vom Kaufvertrag \u00fcber den Werkvertrag bis hin zum Makler- und Gesellschaftsvertrag. Vertr\u00e4ge werden tagt\u00e4glich geschlossen, zum Teil ohne dass den Parteien des jeweiligen Rechtsgesch\u00e4fts dieser Vorgang wirklich bewusst ist. Ein Vertrag ist die von zwei oder mehreren Personen erkl\u00e4rte Willens\u00fcbereinstimmung eines bestimmten rechtlichen Erfolges. Der lateinische &hellip; <a href=\"https:\/\/www.kanzlei-benien.de\/?page_id=16\" class=\"more-link\"><span class=\"screen-reader-text\">Vertragsrecht<\/span> weiterlesen<\/a><\/p>\n","protected":false},"author":3,"featured_media":0,"parent":0,"menu_order":5,"comment_status":"closed","ping_status":"closed","template":"","meta":{"footnotes":""},"class_list":["post-16","page","type-page","status-publish","hentry"],"_links":{"self":[{"href":"https:\/\/www.kanzlei-benien.de\/index.php?rest_route=\/wp\/v2\/pages\/16","targetHints":{"allow":["GET"]}}],"collection":[{"href":"https:\/\/www.kanzlei-benien.de\/index.php?rest_route=\/wp\/v2\/pages"}],"about":[{"href":"https:\/\/www.kanzlei-benien.de\/index.php?rest_route=\/wp\/v2\/types\/page"}],"author":[{"embeddable":true,"href":"https:\/\/www.kanzlei-benien.de\/index.php?rest_route=\/wp\/v2\/users\/3"}],"replies":[{"embeddable":true,"href":"https:\/\/www.kanzlei-benien.de\/index.php?rest_route=%2Fwp%2Fv2%2Fcomments&post=16"}],"version-history":[{"count":6,"href":"https:\/\/www.kanzlei-benien.de\/index.php?rest_route=\/wp\/v2\/pages\/16\/revisions"}],"predecessor-version":[{"id":101,"href":"https:\/\/www.kanzlei-benien.de\/index.php?rest_route=\/wp\/v2\/pages\/16\/revisions\/101"}],"wp:attachment":[{"href":"https:\/\/www.kanzlei-benien.de\/index.php?rest_route=%2Fwp%2Fv2%2Fmedia&parent=16"}],"curies":[{"name":"wp","href":"https:\/\/api.w.org\/{rel}","templated":true}]}}