{"id":13,"date":"2010-02-10T15:15:41","date_gmt":"2010-02-10T11:15:41","guid":{"rendered":"http:\/\/kanzlei-benien.de\/?page_id=13"},"modified":"2018-05-20T13:26:13","modified_gmt":"2018-05-20T09:26:13","slug":"familienrecht","status":"publish","type":"page","link":"https:\/\/www.kanzlei-benien.de\/?page_id=13","title":{"rendered":"Familienrecht"},"content":{"rendered":"<p>Trennung und Scheidung f\u00fchren h\u00e4ufig zu heftigen Konflikten, die im psychosozialen und finanziellen Chaos enden.<br \/>\nH\u00e4ufig sind es die Kinder, die durch die Trennung am meisten betroffen sind.<\/p>\n<p>Mein Anliegen ist es, auch im Konfliktfall L\u00f6sungen zu finden, die f\u00fcr alle Parteien interessengerecht sind. In der Regel ist es hilfreich, vor der Entstehung von Konflikten eine Trennungs- und Scheidungsfolgenvereinbarung abgeschlossen zu haben.<\/p>\n<p>Ich vertrete Ihre Interessen sowohl au\u00dfergerichtlich und gerichtlich in folgenden Angelegenheiten:<\/p>\n<ul>\n<li><span style=\"color: #003366;\">Scheidungsverfahren bzgl. Ehe und Lebenspartnerschaften<\/span><\/li>\n<li> <span style=\"color: #003366;\">Aufteilung der Rentenanspr\u00fcche (Versorgungsausgleich)<\/span><\/li>\n<li> <span style=\"color: #003366;\">Aufteilung des Verm\u00f6gens (Zugewinn) \/Schulden<\/span><\/li>\n<li> <span style=\"color: #003366;\">Umgangs- und Sorgerecht<\/span><\/li>\n<li> <span style=\"color: #003366;\">Wohnungszuweisung<\/span><\/li>\n<li> <span style=\"color: #003366;\">Aufteilung des Hausrats<\/span><\/li>\n<li> <span style=\"color: #003366;\">Ehevertr\u00e4ge und\/oder Scheidungsfolgenvereinbarungen<\/span><\/li>\n<\/ul>\n","protected":false},"excerpt":{"rendered":"<p>Trennung und Scheidung f\u00fchren h\u00e4ufig zu heftigen Konflikten, die im psychosozialen und finanziellen Chaos enden. H\u00e4ufig sind es die Kinder, die durch die Trennung am meisten betroffen sind. Mein Anliegen ist es, auch im Konfliktfall L\u00f6sungen zu finden, die f\u00fcr alle Parteien interessengerecht sind. In der Regel ist es hilfreich, vor der Entstehung von Konflikten &hellip; <a href=\"https:\/\/www.kanzlei-benien.de\/?page_id=13\" class=\"more-link\"><span class=\"screen-reader-text\">Familienrecht<\/span> weiterlesen<\/a><\/p>\n","protected":false},"author":3,"featured_media":0,"parent":0,"menu_order":4,"comment_status":"closed","ping_status":"closed","template":"","meta":{"footnotes":""},"class_list":["post-13","page","type-page","status-publish","hentry"],"_links":{"self":[{"href":"https:\/\/www.kanzlei-benien.de\/index.php?rest_route=\/wp\/v2\/pages\/13","targetHints":{"allow":["GET"]}}],"collection":[{"href":"https:\/\/www.kanzlei-benien.de\/index.php?rest_route=\/wp\/v2\/pages"}],"about":[{"href":"https:\/\/www.kanzlei-benien.de\/index.php?rest_route=\/wp\/v2\/types\/page"}],"author":[{"embeddable":true,"href":"https:\/\/www.kanzlei-benien.de\/index.php?rest_route=\/wp\/v2\/users\/3"}],"replies":[{"embeddable":true,"href":"https:\/\/www.kanzlei-benien.de\/index.php?rest_route=%2Fwp%2Fv2%2Fcomments&post=13"}],"version-history":[{"count":7,"href":"https:\/\/www.kanzlei-benien.de\/index.php?rest_route=\/wp\/v2\/pages\/13\/revisions"}],"predecessor-version":[{"id":112,"href":"https:\/\/www.kanzlei-benien.de\/index.php?rest_route=\/wp\/v2\/pages\/13\/revisions\/112"}],"wp:attachment":[{"href":"https:\/\/www.kanzlei-benien.de\/index.php?rest_route=%2Fwp%2Fv2%2Fmedia&parent=13"}],"curies":[{"name":"wp","href":"https:\/\/api.w.org\/{rel}","templated":true}]}}